{"id":1321,"date":"2023-11-25T11:04:44","date_gmt":"2023-11-25T10:04:44","guid":{"rendered":"https:\/\/www.alla-collina.de\/?page_id=1321"},"modified":"2023-12-20T16:32:27","modified_gmt":"2023-12-20T15:32:27","slug":"agb","status":"publish","type":"page","link":"https:\/\/www.alla-collina.de\/it\/agb\/","title":{"rendered":"AGB"},"content":{"rendered":"<p>[et_pb_section fb_built=&#8220;1&#8243; _builder_version=&#8220;4.23.1&#8243; _module_preset=&#8220;default&#8220; global_colors_info=&#8220;{}&#8220;][et_pb_row _builder_version=&#8220;4.23.1&#8243; _module_preset=&#8220;default&#8220; global_colors_info=&#8220;{}&#8220;][et_pb_column type=&#8220;4_4&#8243; _builder_version=&#8220;4.23.1&#8243; _module_preset=&#8220;default&#8220; global_colors_info=&#8220;{}&#8220;][et_pb_text _builder_version=&#8220;4.23.1&#8243; _module_preset=&#8220;default&#8220; hover_enabled=&#8220;0&#8243; global_colors_info=&#8220;{}&#8220; sticky_enabled=&#8220;0&#8243;]<\/p>\n<h1 style=\"text-align: center;\">Unsere AGB<\/h1>\n<p>&nbsp;<\/p>\n<p>1) Die allgemeinen Gesch\u00e4ftsbedingungen regeln das Vertragsverh\u00e4ltnis zwischen Gast\/Mieter und Gastgeber\/Vermieter und gelten von Ihnen mit der Buchung als anerkannt.<\/p>\n<p>2) Der Beherbergungsvertrag ist abgeschlossen sobald Zimmer bestellt, zugesagt und vom Gastgeber schriftlich best\u00e4tigt sind<\/p>\n<p>3) Die Reservierungsdaten sind f\u00fcr beide Vertragspartner bindend<\/p>\n<p>&nbsp;<\/p>\n<p>4) Die reservierten Zimmer stehen am Anreisetag ab 14:00 Uhr zur Verf\u00fcgung und m\u00fcssen am Abreisetag bis 10:00 Uhr verlassen sein.<\/p>\n<p>5) Nimmt ein Gast die vertraglichen Leistungen, die er in voraus bestellt oder reserviert hatte, nicht ab, so bleibt er zur Zahlung des Vereinbarten Preises in folgender h\u00f6he verpflichtet:<\/p>\n<ul>\n<li><strong>bei einer Stornierung ab dem 14. Tag vor Reisebeginn, bei Nichtanreise oder vorzeitiger Abreise, 90% der gebuchten Leistung.<\/strong><\/li>\n<li><strong>bei einer Stornierung ab dem 28. Tag vor Reisebeginn 50 Prozent der gebuchten Leistung\u00a0<\/strong><\/li>\n<\/ul>\n<p><strong><\/strong><\/p>\n<p><span style=\"font-size: 14px;\">Der Gastgeber ist verpflichtet, die stornierten Zimmer sofort wieder zur Vermietung anzubieten.<\/span><\/p>\n<p>Stornokosten werden vom Vermieter nur f\u00fcr die nicht wiedervermieteten Tage berechnet,<\/p>\n<p>6) Das Begleichen der Rechnung ist vor der Anreise f\u00e4llig. Der Vermieter ist berechtigt Vorauszahlungen zu verlangen oder Zwischenrechnungen zu stellen.<\/p>\n<p>7)\u00a0Sind Allgemeine Gesch\u00e4ftsbedingungen ganz oder teilweise nicht Vertragsbestandteil geworden oder unwirksam, so bleibt der Vertrag im \u00dcbrigen wirksam.\u00a0Soweit die Bestimmungen nicht Vertragsbestandteil geworden oder unwirksam sind, richtet sich der Inhalt des Vertrags nach den gesetzlichen Vorschriften.\u00a0Gleiches gilt f\u00fcr etwaige Vertragsl\u00fccken. Die Berichtigung von Irrt\u00fcmern, insbesondere von Schreib- und Rechenfehlern in schriftlichen Angeboten, Best\u00e4tigungen von Monika Meyer, Ferienwohnung alla-collina, bleiben vorbehalten. Abweichungen, Nebenabreden sowie Zusatzvereinbarungen m\u00fcssen schriftlich festgehalten werden.<\/p>\n<p>8) Erf\u00fcllungsort und Gerichtstand ist M\u00fcllheim\/Baden, Deutschland<\/p>\n<p>[\/et_pb_text][\/et_pb_column][\/et_pb_row][\/et_pb_section]<\/p>\n","protected":false},"excerpt":{"rendered":"<p>Unsere AGB &nbsp; 1) Die allgemeinen Gesch\u00e4ftsbedingungen regeln das Vertragsverh\u00e4ltnis zwischen Gast\/Mieter und Gastgeber\/Vermieter und gelten von Ihnen mit der Buchung als anerkannt. 2) Der Beherbergungsvertrag ist abgeschlossen sobald Zimmer bestellt, zugesagt und vom Gastgeber schriftlich best\u00e4tigt sind 3) Die Reservierungsdaten sind f\u00fcr beide Vertragspartner bindend &nbsp; 4) Die reservierten Zimmer stehen am Anreisetag ab [&hellip;]<\/p>\n","protected":false},"author":1,"featured_media":0,"parent":0,"menu_order":0,"comment_status":"closed","ping_status":"closed","template":"","meta":{"_et_pb_use_builder":"on","_et_pb_old_content":"","_et_gb_content_width":"","footnotes":""},"class_list":["post-1321","page","type-page","status-publish","hentry"],"yoast_head":"<!-- This site is optimized with the Yoast SEO plugin v26.9 - https:\/\/yoast.com\/product\/yoast-seo-wordpress\/ -->\n<title>AGB - alla collina<\/title>\n<meta name=\"robots\" content=\"noindex, follow\" \/>\n<meta property=\"og:locale\" content=\"it_IT\" \/>\n<meta property=\"og:type\" content=\"article\" \/>\n<meta property=\"og:title\" content=\"AGB - alla collina\" \/>\n<meta property=\"og:description\" content=\"Unsere AGB &nbsp; 1) Die allgemeinen Gesch\u00e4ftsbedingungen regeln das Vertragsverh\u00e4ltnis zwischen Gast\/Mieter und Gastgeber\/Vermieter und gelten von Ihnen mit der Buchung als anerkannt. 2) Der Beherbergungsvertrag ist abgeschlossen sobald Zimmer bestellt, zugesagt und vom Gastgeber schriftlich best\u00e4tigt sind 3) Die Reservierungsdaten sind f\u00fcr beide Vertragspartner bindend &nbsp; 4) Die reservierten Zimmer stehen am Anreisetag ab [&hellip;]\" \/>\n<meta property=\"og:url\" content=\"https:\/\/www.alla-collina.de\/it\/agb\/\" \/>\n<meta property=\"og:site_name\" content=\"alla collina\" \/>\n<meta property=\"article:modified_time\" content=\"2023-12-20T15:32:27+00:00\" \/>\n<meta name=\"twitter:card\" content=\"summary_large_image\" \/>\n<meta name=\"twitter:label1\" content=\"Tempo di lettura stimato\" \/>\n\t<meta name=\"twitter:data1\" content=\"2 minuti\" \/>\n<script type=\"application\/ld+json\" class=\"yoast-schema-graph\">{\"@context\":\"https:\/\/schema.org\",\"@graph\":[{\"@type\":\"WebPage\",\"@id\":\"https:\/\/www.alla-collina.de\/agb\/\",\"url\":\"https:\/\/www.alla-collina.de\/agb\/\",\"name\":\"AGB - alla collina\",\"isPartOf\":{\"@id\":\"https:\/\/www.alla-collina.de\/#website\"},\"datePublished\":\"2023-11-25T10:04:44+00:00\",\"dateModified\":\"2023-12-20T15:32:27+00:00\",\"breadcrumb\":{\"@id\":\"https:\/\/www.alla-collina.de\/agb\/#breadcrumb\"},\"inLanguage\":\"it-IT\",\"potentialAction\":[{\"@type\":\"ReadAction\",\"target\":[\"https:\/\/www.alla-collina.de\/agb\/\"]}]},{\"@type\":\"BreadcrumbList\",\"@id\":\"https:\/\/www.alla-collina.de\/agb\/#breadcrumb\",\"itemListElement\":[{\"@type\":\"ListItem\",\"position\":1,\"name\":\"Startseite\",\"item\":\"https:\/\/www.alla-collina.de\/\"},{\"@type\":\"ListItem\",\"position\":2,\"name\":\"AGB\"}]},{\"@type\":\"WebSite\",\"@id\":\"https:\/\/www.alla-collina.de\/#website\",\"url\":\"https:\/\/www.alla-collina.de\/\",\"name\":\"alla collina\",\"description\":\"Ferienwohnung in La Caletta, Sardinien\",\"potentialAction\":[{\"@type\":\"SearchAction\",\"target\":{\"@type\":\"EntryPoint\",\"urlTemplate\":\"https:\/\/www.alla-collina.de\/?s={search_term_string}\"},\"query-input\":{\"@type\":\"PropertyValueSpecification\",\"valueRequired\":true,\"valueName\":\"search_term_string\"}}],\"inLanguage\":\"it-IT\"}]}<\/script>\n<!-- \/ Yoast SEO plugin. -->","yoast_head_json":{"title":"AGB - alla collina","robots":{"index":"noindex","follow":"follow"},"og_locale":"it_IT","og_type":"article","og_title":"AGB - alla collina","og_description":"Unsere AGB &nbsp; 1) Die allgemeinen Gesch\u00e4ftsbedingungen regeln das Vertragsverh\u00e4ltnis zwischen Gast\/Mieter und Gastgeber\/Vermieter und gelten von Ihnen mit der Buchung als anerkannt. 2) Der Beherbergungsvertrag ist abgeschlossen sobald Zimmer bestellt, zugesagt und vom Gastgeber schriftlich best\u00e4tigt sind 3) Die Reservierungsdaten sind f\u00fcr beide Vertragspartner bindend &nbsp; 4) Die reservierten Zimmer stehen am Anreisetag ab [&hellip;]","og_url":"https:\/\/www.alla-collina.de\/it\/agb\/","og_site_name":"alla collina","article_modified_time":"2023-12-20T15:32:27+00:00","twitter_card":"summary_large_image","twitter_misc":{"Tempo di lettura stimato":"2 minuti"},"schema":{"@context":"https:\/\/schema.org","@graph":[{"@type":"WebPage","@id":"https:\/\/www.alla-collina.de\/agb\/","url":"https:\/\/www.alla-collina.de\/agb\/","name":"AGB - alla collina","isPartOf":{"@id":"https:\/\/www.alla-collina.de\/#website"},"datePublished":"2023-11-25T10:04:44+00:00","dateModified":"2023-12-20T15:32:27+00:00","breadcrumb":{"@id":"https:\/\/www.alla-collina.de\/agb\/#breadcrumb"},"inLanguage":"it-IT","potentialAction":[{"@type":"ReadAction","target":["https:\/\/www.alla-collina.de\/agb\/"]}]},{"@type":"BreadcrumbList","@id":"https:\/\/www.alla-collina.de\/agb\/#breadcrumb","itemListElement":[{"@type":"ListItem","position":1,"name":"Startseite","item":"https:\/\/www.alla-collina.de\/"},{"@type":"ListItem","position":2,"name":"AGB"}]},{"@type":"WebSite","@id":"https:\/\/www.alla-collina.de\/#website","url":"https:\/\/www.alla-collina.de\/","name":"alla collina","description":"Ferienwohnung in La Caletta, Sardinien","potentialAction":[{"@type":"SearchAction","target":{"@type":"EntryPoint","urlTemplate":"https:\/\/www.alla-collina.de\/?s={search_term_string}"},"query-input":{"@type":"PropertyValueSpecification","valueRequired":true,"valueName":"search_term_string"}}],"inLanguage":"it-IT"}]}},"_links":{"self":[{"href":"https:\/\/www.alla-collina.de\/it\/wp-json\/wp\/v2\/pages\/1321","targetHints":{"allow":["GET"]}}],"collection":[{"href":"https:\/\/www.alla-collina.de\/it\/wp-json\/wp\/v2\/pages"}],"about":[{"href":"https:\/\/www.alla-collina.de\/it\/wp-json\/wp\/v2\/types\/page"}],"author":[{"embeddable":true,"href":"https:\/\/www.alla-collina.de\/it\/wp-json\/wp\/v2\/users\/1"}],"replies":[{"embeddable":true,"href":"https:\/\/www.alla-collina.de\/it\/wp-json\/wp\/v2\/comments?post=1321"}],"version-history":[{"count":4,"href":"https:\/\/www.alla-collina.de\/it\/wp-json\/wp\/v2\/pages\/1321\/revisions"}],"predecessor-version":[{"id":1445,"href":"https:\/\/www.alla-collina.de\/it\/wp-json\/wp\/v2\/pages\/1321\/revisions\/1445"}],"wp:attachment":[{"href":"https:\/\/www.alla-collina.de\/it\/wp-json\/wp\/v2\/media?parent=1321"}],"curies":[{"name":"wp","href":"https:\/\/api.w.org\/{rel}","templated":true}]}}