{"id":63,"date":"2022-11-18T15:26:01","date_gmt":"2022-11-18T14:26:01","guid":{"rendered":"https:\/\/alla-collina.de\/?page_id=63"},"modified":"2025-09-08T19:27:21","modified_gmt":"2025-09-08T17:27:21","slug":"impressum","status":"publish","type":"page","link":"https:\/\/www.alla-collina.de\/it\/impressum\/","title":{"rendered":"Impressum"},"content":{"rendered":"<p>[et_pb_section fb_built=&#8220;1&#8243; _builder_version=&#8220;4.19.1&#8243; _module_preset=&#8220;default&#8220; global_colors_info=&#8220;{}&#8220;][et_pb_row _builder_version=&#8220;4.19.1&#8243; _module_preset=&#8220;default&#8220; global_colors_info=&#8220;{}&#8220;][et_pb_column type=&#8220;4_4&#8243; _builder_version=&#8220;4.19.1&#8243; _module_preset=&#8220;default&#8220; global_colors_info=&#8220;{}&#8220;][et_pb_text _builder_version=&#8220;4.27.4&#8243; _module_preset=&#8220;default&#8220; custom_padding=&#8220;|||20px|false|false&#8220; hover_enabled=&#8220;0&#8243; global_colors_info=&#8220;{}&#8220; sticky_enabled=&#8220;0&#8243;]<\/p>\n<h1 style=\"text-align: center;\">Impressum<\/h1>\n<h2>Angaben gem\u00e4\u00df \u00a7 5 TMG<\/h2>\n<h3>Inhaber:<\/h3>\n<p>Monika Meyer und Svenja Schuricht<br \/>\u00d6lbergstra\u00dfe 3<br \/>79379 M\u00fcllheim<\/p>\n<p>Deutschland<\/p>\n<h3>Kontakt<\/h3>\n<p>Telefon: +49 7631 14573<br \/>E-Mail: <a href=\"mailto:mail@alla-collina.de\">mail@alla-collina.de<\/a><\/p>\n<h3>Bildnachweise<\/h3>\n<p>J\u00fcrgen Meyer, mein Canva-Account von J\u00fcrgen<\/p>\n<h3>Codice Identificativo Nazionale (CIN)<\/h3>\n<p><span>IT091085C2000R5623 \u00a0 \u00a0<\/span><span>Casa Schuricht<\/span><\/p>\n<h3>Italienische Steuernummer, Codice Fiscale<\/h3>\n<p>MYRMNK61P52Z112W<\/p>\n<p>&nbsp;<\/p>\n<p>Quelle: <a href=\"https:\/\/www.e-recht24.de\">e-recht24.de<\/a><\/p>\n<p>[\/et_pb_text][\/et_pb_column][\/et_pb_row][\/et_pb_section]<\/p>\n","protected":false},"excerpt":{"rendered":"<p>Impressum Angaben gem\u00e4\u00df \u00a7 5 TMG Inhaber: Monika Meyer und Svenja Schuricht\u00d6lbergstra\u00dfe 379379 M\u00fcllheim Deutschland Kontakt Telefon: +49 7631 14573E-Mail: mail@alla-collina.de Bildnachweise J\u00fcrgen Meyer, mein Canva-Account von J\u00fcrgen Codice Identificativo Nazionale (CIN) IT091085C2000R5623 \u00a0 \u00a0Casa Schuricht Italienische Steuernummer, Codice Fiscale MYRMNK61P52Z112W &nbsp; Quelle: e-recht24.de<\/p>","protected":false},"author":1,"featured_media":0,"parent":0,"menu_order":1,"comment_status":"closed","ping_status":"closed","template":"","meta":{"_et_pb_use_builder":"on","_et_pb_old_content":"","_et_gb_content_width":"","footnotes":""},"class_list":["post-63","page","type-page","status-publish","hentry"],"yoast_head":"<!-- This site is optimized with the Yoast SEO plugin v26.9 - https:\/\/yoast.com\/product\/yoast-seo-wordpress\/ -->\n<title>Impressum - alla collina<\/title>\n<meta name=\"robots\" content=\"noindex, follow\" \/>\n<meta property=\"og:locale\" content=\"it_IT\" \/>\n<meta property=\"og:type\" content=\"article\" \/>\n<meta property=\"og:title\" content=\"Impressum - alla collina\" \/>\n<meta property=\"og:description\" content=\"Impressum Angaben gem\u00e4\u00df \u00a7 5 TMG Inhaber: Monika Meyer und Svenja Schuricht\u00d6lbergstra\u00dfe 379379 M\u00fcllheim Deutschland Kontakt Telefon: +49 7631 14573E-Mail: mail@alla-collina.de Bildnachweise J\u00fcrgen Meyer, mein Canva-Account von J\u00fcrgen Codice Identificativo Nazionale (CIN) IT091085C2000R5623 \u00a0 \u00a0Casa Schuricht Italienische Steuernummer, Codice Fiscale MYRMNK61P52Z112W &nbsp; Quelle: e-recht24.de\" \/>\n<meta property=\"og:url\" content=\"https:\/\/www.alla-collina.de\/it\/impressum\/\" \/>\n<meta property=\"og:site_name\" content=\"alla collina\" \/>\n<meta property=\"article:modified_time\" content=\"2025-09-08T17:27:21+00:00\" \/>\n<meta name=\"twitter:card\" content=\"summary_large_image\" \/>\n<meta name=\"twitter:label1\" content=\"Tempo di lettura stimato\" \/>\n\t<meta name=\"twitter:data1\" content=\"1 minuto\" \/>\n<script type=\"application\/ld+json\" class=\"yoast-schema-graph\">{\"@context\":\"https:\/\/schema.org\",\"@graph\":[{\"@type\":\"WebPage\",\"@id\":\"https:\/\/www.alla-collina.de\/impressum\/\",\"url\":\"https:\/\/www.alla-collina.de\/impressum\/\",\"name\":\"Impressum - alla collina\",\"isPartOf\":{\"@id\":\"https:\/\/www.alla-collina.de\/#website\"},\"datePublished\":\"2022-11-18T14:26:01+00:00\",\"dateModified\":\"2025-09-08T17:27:21+00:00\",\"breadcrumb\":{\"@id\":\"https:\/\/www.alla-collina.de\/impressum\/#breadcrumb\"},\"inLanguage\":\"it-IT\",\"potentialAction\":[{\"@type\":\"ReadAction\",\"target\":[\"https:\/\/www.alla-collina.de\/impressum\/\"]}]},{\"@type\":\"BreadcrumbList\",\"@id\":\"https:\/\/www.alla-collina.de\/impressum\/#breadcrumb\",\"itemListElement\":[{\"@type\":\"ListItem\",\"position\":1,\"name\":\"Startseite\",\"item\":\"https:\/\/www.alla-collina.de\/\"},{\"@type\":\"ListItem\",\"position\":2,\"name\":\"Impressum\"}]},{\"@type\":\"WebSite\",\"@id\":\"https:\/\/www.alla-collina.de\/#website\",\"url\":\"https:\/\/www.alla-collina.de\/\",\"name\":\"alla collina\",\"description\":\"Ferienwohnung in La Caletta, Sardinien\",\"potentialAction\":[{\"@type\":\"SearchAction\",\"target\":{\"@type\":\"EntryPoint\",\"urlTemplate\":\"https:\/\/www.alla-collina.de\/?s={search_term_string}\"},\"query-input\":{\"@type\":\"PropertyValueSpecification\",\"valueRequired\":true,\"valueName\":\"search_term_string\"}}],\"inLanguage\":\"it-IT\"}]}<\/script>\n<!-- \/ Yoast SEO plugin. -->","yoast_head_json":{"title":"Impressum - alla collina","robots":{"index":"noindex","follow":"follow"},"og_locale":"it_IT","og_type":"article","og_title":"Impressum - alla collina","og_description":"Impressum Angaben gem\u00e4\u00df \u00a7 5 TMG Inhaber: Monika Meyer und Svenja Schuricht\u00d6lbergstra\u00dfe 379379 M\u00fcllheim Deutschland Kontakt Telefon: +49 7631 14573E-Mail: mail@alla-collina.de Bildnachweise J\u00fcrgen Meyer, mein Canva-Account von J\u00fcrgen Codice Identificativo Nazionale (CIN) IT091085C2000R5623 \u00a0 \u00a0Casa Schuricht Italienische Steuernummer, Codice Fiscale MYRMNK61P52Z112W &nbsp; Quelle: e-recht24.de","og_url":"https:\/\/www.alla-collina.de\/it\/impressum\/","og_site_name":"alla collina","article_modified_time":"2025-09-08T17:27:21+00:00","twitter_card":"summary_large_image","twitter_misc":{"Tempo di lettura stimato":"1 minuto"},"schema":{"@context":"https:\/\/schema.org","@graph":[{"@type":"WebPage","@id":"https:\/\/www.alla-collina.de\/impressum\/","url":"https:\/\/www.alla-collina.de\/impressum\/","name":"Impressum - alla collina","isPartOf":{"@id":"https:\/\/www.alla-collina.de\/#website"},"datePublished":"2022-11-18T14:26:01+00:00","dateModified":"2025-09-08T17:27:21+00:00","breadcrumb":{"@id":"https:\/\/www.alla-collina.de\/impressum\/#breadcrumb"},"inLanguage":"it-IT","potentialAction":[{"@type":"ReadAction","target":["https:\/\/www.alla-collina.de\/impressum\/"]}]},{"@type":"BreadcrumbList","@id":"https:\/\/www.alla-collina.de\/impressum\/#breadcrumb","itemListElement":[{"@type":"ListItem","position":1,"name":"Startseite","item":"https:\/\/www.alla-collina.de\/"},{"@type":"ListItem","position":2,"name":"Impressum"}]},{"@type":"WebSite","@id":"https:\/\/www.alla-collina.de\/#website","url":"https:\/\/www.alla-collina.de\/","name":"alla collina","description":"Ferienwohnung in La Caletta, Sardinien","potentialAction":[{"@type":"SearchAction","target":{"@type":"EntryPoint","urlTemplate":"https:\/\/www.alla-collina.de\/?s={search_term_string}"},"query-input":{"@type":"PropertyValueSpecification","valueRequired":true,"valueName":"search_term_string"}}],"inLanguage":"it-IT"}]}},"_links":{"self":[{"href":"https:\/\/www.alla-collina.de\/it\/wp-json\/wp\/v2\/pages\/63","targetHints":{"allow":["GET"]}}],"collection":[{"href":"https:\/\/www.alla-collina.de\/it\/wp-json\/wp\/v2\/pages"}],"about":[{"href":"https:\/\/www.alla-collina.de\/it\/wp-json\/wp\/v2\/types\/page"}],"author":[{"embeddable":true,"href":"https:\/\/www.alla-collina.de\/it\/wp-json\/wp\/v2\/users\/1"}],"replies":[{"embeddable":true,"href":"https:\/\/www.alla-collina.de\/it\/wp-json\/wp\/v2\/comments?post=63"}],"version-history":[{"count":15,"href":"https:\/\/www.alla-collina.de\/it\/wp-json\/wp\/v2\/pages\/63\/revisions"}],"predecessor-version":[{"id":1704,"href":"https:\/\/www.alla-collina.de\/it\/wp-json\/wp\/v2\/pages\/63\/revisions\/1704"}],"wp:attachment":[{"href":"https:\/\/www.alla-collina.de\/it\/wp-json\/wp\/v2\/media?parent=63"}],"curies":[{"name":"wp","href":"https:\/\/api.w.org\/{rel}","templated":true}]}}